{"id":103,"date":"2015-12-15T15:46:03","date_gmt":"2015-12-15T15:46:03","guid":{"rendered":"http:\/\/frauenhaft-foerderverein.com\/?page_id=103"},"modified":"2026-02-02T15:33:55","modified_gmt":"2026-02-02T15:33:55","slug":"impressum","status":"publish","type":"page","link":"https:\/\/frauenhaft-foerderverein.com\/?page_id=103","title":{"rendered":"Impressum"},"content":{"rendered":"<p><em>frauen<\/em>HAFT e.V.<br \/>\nM\u00fcnchener Stra\u00dfe 33<br \/>\n86551 Aichach<\/p>\n<p>Tel. +49 (0) 8251\/907 259<br \/>\nE-Mail: <a href=\"mailto:fv-fr.aic@jv.bayern.de\">fv-fr.aic@jv.bayern.de<\/a><\/p>\n<p>Vertretungsberechtigte Vorst\u00e4ndin:<br \/>\nMargrit Wucher-Blaszczak, M\u00fcnchener Stra\u00dfe 33, 86551 Aichach<\/p>\n<p>Verantwortlich im Sinne von \u00a7 55 RStV:<br \/>\nMargrit Wucher-Blaszczak, M\u00fcnchener Stra\u00dfe 33, 86551 Aichach<\/p>\n<p>Registergericht: Amtsgericht Augsburg<br \/>\nEingetragen im Vereinsregister unter der Registernummer VR 201323<\/p>\n<p>Inhalt des Onlineangebotes<br \/>\nfrauenHAFT e.V. \u00fcbernimmt keinerlei Gew\u00e4hr f\u00fcr die Aktualit\u00e4t, Korrektheit, Vollst\u00e4ndigkeit oder Qualit\u00e4t der bereitgestellten Informationen. Haftungsanspr\u00fcche gegen frauenHAFT e.V. , welche sich auf Sch\u00e4den materieller oder ideeller Art beziehen, die durch die Nutzung oder Nichtnutzung der dargebotenen Informationen bzw. durch die Nutzung fehlerhafter und unvollst\u00e4ndiger Informationen verursacht wurden sind grunds\u00e4tzlich ausgeschlossen, sofern seitens frauenHAFT e.V. kein nachweislich vors\u00e4tzliches oder grob fahrl\u00e4ssiges Verschulden vorliegt. Alle Angebote sind freibleibend und unverbindlich.<\/p>\n<p>Verweise und Links<br \/>\nBei direkten oder indirekten Verweisen auf fremde Internetseiten (\u201cLinks\u201d), die au\u00dferhalb des Verantwortungsbereiches von frauenHAFT e.V. liegen, w\u00fcrde eine Haftungsverpflichtung ausschlie\u00dflich in dem Fall in Kraft treten, in dem frauenHAFT e.V. von den Inhalten Kenntnis hat und es ihr technisch m\u00f6glich und zumutbar w\u00e4re, die Nutzung im Falle rechtswidriger Inhalte zu verhindern. frauenHAFT e.V. hat keinerlei Einfluss auf die aktuelle und zuk\u00fcnftige Gestaltung und auf die Inhalte der gelinkten\/verkn\u00fcpften Seiten. Deshalb distanziert er sich hiermit ausdr\u00fccklich von allen Inhalten aller gelinkten \/verkn\u00fcpften Seiten, die nach der Linksetzung ver\u00e4ndert wurden. F\u00fcr illegale, fehlerhafte oder unvollst\u00e4ndige Inhalte und insbesondere f\u00fcr Sch\u00e4den, die aus der Nutzung oder Nichtnutzung solcherart dargebotener Informationen entstehen, haftet allein der Anbieter der Seite, auf welche verwiesen wurde, nicht derjenige, der \u00fcber Links auf die jeweilige Ver\u00f6ffentlichung lediglich verweist.<\/p>\n<p>Urheber- und Kennzeichenrecht<br \/>\nfrauenHAFT e.V. ist bestrebt, in allen Publikationen die Urheberrechte der verwendeten Grafiken, Tondokumente, Videosequenzen und Texte zu beachten, von ihm selbst erstellte Grafiken, Tondokumente, Videosequenzen und Texte zu nutzen oder auf lizenzfreie Grafiken, Tondokumente, Videosequenzen und Texte zur\u00fcckzugreifen. Alle innerhalb des Internetangebotes genannten und ggf. durch Dritte gesch\u00fctzten Marken- und Warenzeichen unterliegen uneingeschr\u00e4nkt den Bestimmungen des jeweils g\u00fcltigen Kennzeichenrechts und den Besitzrechten der jeweiligen eingetragenen Eigent\u00fcmer. Allein aufgrund der blo\u00dfen Nennung ist nicht der Schluss zu ziehen, dass Markenzeichen nicht durch Rechte Dritter gesch\u00fctzt sind! Das Copyright f\u00fcr ver\u00f6ffentlichte, von frauenHAFT e.V. selbst erstellte Objekte bleibt allein bei frauenHAFT e.V. Eine Vervielf\u00e4ltigung oder Verwendung solcher Grafiken, Tondokumente, Videosequenzen und Texte in anderen elektronischen oder gedruckten Publikationen ist ohne ausdr\u00fcckliche Zustimmung von frauenHAFT e.V. nicht gestattet.<\/p>\n<p>Rechtswirksamkeit dieses Haftungsausschlusses<br \/>\nDieser Haftungsausschluss ist als Teil des Internetangebotes zu betrachten, von dem aus auf diese Seite verwiesen wurde.<\/p>\n<p>Salvatorische Klausel<br \/>\nSofern Teile oder einzelne Formulierungen dieses Textes der geltenden Rechtslage nicht, nicht mehr oder nicht vollst\u00e4ndig entsprechen sollten, bleiben die \u00fcbrigen Teile des Dokumentes in ihrem Inhalt und ihrer G\u00fcltigkeit davon unber\u00fchrt.<\/p>\n","protected":false},"excerpt":{"rendered":"<p>frauenHAFT e.V. M\u00fcnchener Stra\u00dfe 33 86551 Aichach Tel. +49 (0) 8251\/907 259 E-Mail: fv-fr.aic@jv.bayern.de Vertretungsberechtigte Vorst\u00e4ndin: Margrit Wucher-Blaszczak, M\u00fcnchener Stra\u00dfe 33, 86551 Aichach Verantwortlich im Sinne von \u00a7 55 RStV: Margrit Wucher-Blaszczak, M\u00fcnchener Stra\u00dfe 33, 86551 Aichach Registergericht: Amtsgericht Augsburg&#8230; <a class=\"more-link\" href=\"https:\/\/frauenhaft-foerderverein.com\/?page_id=103\">Weiterlesen &rarr;<\/a><\/p>\n","protected":false},"author":1,"featured_media":0,"parent":0,"menu_order":0,"comment_status":"closed","ping_status":"closed","template":"template-fullwidth.php","meta":{"footnotes":""},"class_list":["post-103","page","type-page","status-publish","hentry"],"_links":{"self":[{"href":"https:\/\/frauenhaft-foerderverein.com\/index.php?rest_route=\/wp\/v2\/pages\/103","targetHints":{"allow":["GET"]}}],"collection":[{"href":"https:\/\/frauenhaft-foerderverein.com\/index.php?rest_route=\/wp\/v2\/pages"}],"about":[{"href":"https:\/\/frauenhaft-foerderverein.com\/index.php?rest_route=\/wp\/v2\/types\/page"}],"author":[{"embeddable":true,"href":"https:\/\/frauenhaft-foerderverein.com\/index.php?rest_route=\/wp\/v2\/users\/1"}],"replies":[{"embeddable":true,"href":"https:\/\/frauenhaft-foerderverein.com\/index.php?rest_route=%2Fwp%2Fv2%2Fcomments&post=103"}],"version-history":[{"count":5,"href":"https:\/\/frauenhaft-foerderverein.com\/index.php?rest_route=\/wp\/v2\/pages\/103\/revisions"}],"predecessor-version":[{"id":787,"href":"https:\/\/frauenhaft-foerderverein.com\/index.php?rest_route=\/wp\/v2\/pages\/103\/revisions\/787"}],"wp:attachment":[{"href":"https:\/\/frauenhaft-foerderverein.com\/index.php?rest_route=%2Fwp%2Fv2%2Fmedia&parent=103"}],"curies":[{"name":"wp","href":"https:\/\/api.w.org\/{rel}","templated":true}]}}