{"id":109,"date":"2015-12-15T16:06:42","date_gmt":"2015-12-15T16:06:42","guid":{"rendered":"http:\/\/frauenhaft-foerderverein.com\/?page_id=109"},"modified":"2022-07-08T13:24:13","modified_gmt":"2022-07-08T13:24:13","slug":"kontakt","status":"publish","type":"page","link":"https:\/\/frauenhaft-foerderverein.com\/?page_id=109","title":{"rendered":"Kontakt"},"content":{"rendered":"<p>Sie haben allgemeine Fragen zum Verein oder m\u00f6chten gerne spenden? Wir helfen Ihnen gerne pers\u00f6nlich weiter.<\/p>\n<p><em>frauen<\/em>HAFT e.V.<br \/>\nM\u00fcnchener Stra\u00dfe 33<br \/>\n86551 Aichach<\/p>\n<p>Tel. +49 (0) 8251\/907 259<br \/>\nE-Mail: <a href=\"mailto:fv-fr.aic@jv.bayern.de\">fv-fr.aic@jv.bayern.de<\/a><\/p>\n<p>Bankverbindung:<\/p>\n<p>SPK Aichach-Schrobenhausen<br \/>\nfrauenHAFT e.V.<br \/>\nIBAN:\u00a0 DE 52 7205 1210 0006 1240 02<\/p>\n","protected":false},"excerpt":{"rendered":"<p>Sie haben allgemeine Fragen zum Verein oder m\u00f6chten gerne spenden? Wir helfen Ihnen gerne pers\u00f6nlich weiter. frauenHAFT e.V. M\u00fcnchener Stra\u00dfe 33 86551 Aichach Tel. +49 (0) 8251\/907 259 E-Mail: fv-fr.aic@jv.bayern.de Bankverbindung: SPK Aichach-Schrobenhausen frauenHAFT e.V. IBAN:\u00a0 DE 52 7205 1210&#8230; <a class=\"more-link\" href=\"https:\/\/frauenhaft-foerderverein.com\/?page_id=109\">Weiterlesen &rarr;<\/a><\/p>\n","protected":false},"author":1,"featured_media":0,"parent":0,"menu_order":0,"comment_status":"closed","ping_status":"closed","template":"","meta":{"footnotes":""},"class_list":["post-109","page","type-page","status-publish","hentry"],"_links":{"self":[{"href":"https:\/\/frauenhaft-foerderverein.com\/index.php?rest_route=\/wp\/v2\/pages\/109","targetHints":{"allow":["GET"]}}],"collection":[{"href":"https:\/\/frauenhaft-foerderverein.com\/index.php?rest_route=\/wp\/v2\/pages"}],"about":[{"href":"https:\/\/frauenhaft-foerderverein.com\/index.php?rest_route=\/wp\/v2\/types\/page"}],"author":[{"embeddable":true,"href":"https:\/\/frauenhaft-foerderverein.com\/index.php?rest_route=\/wp\/v2\/users\/1"}],"replies":[{"embeddable":true,"href":"https:\/\/frauenhaft-foerderverein.com\/index.php?rest_route=%2Fwp%2Fv2%2Fcomments&post=109"}],"version-history":[{"count":10,"href":"https:\/\/frauenhaft-foerderverein.com\/index.php?rest_route=\/wp\/v2\/pages\/109\/revisions"}],"predecessor-version":[{"id":635,"href":"https:\/\/frauenhaft-foerderverein.com\/index.php?rest_route=\/wp\/v2\/pages\/109\/revisions\/635"}],"wp:attachment":[{"href":"https:\/\/frauenhaft-foerderverein.com\/index.php?rest_route=%2Fwp%2Fv2%2Fmedia&parent=109"}],"curies":[{"name":"wp","href":"https:\/\/api.w.org\/{rel}","templated":true}]}}