{"id":22,"date":"2015-12-15T13:09:52","date_gmt":"2015-12-15T13:09:52","guid":{"rendered":"http:\/\/frauenhaft-foerderverein.com\/?page_id=22"},"modified":"2017-06-02T08:13:08","modified_gmt":"2017-06-02T08:13:08","slug":"schirmherr","status":"publish","type":"page","link":"https:\/\/frauenhaft-foerderverein.com\/?page_id=22","title":{"rendered":"Schirmherr"},"content":{"rendered":"<h2><strong>Gru\u00dfwort des Ersten B\u00fcrgermeisters und Schirmherrn<\/strong><\/h2>\n<p><img loading=\"lazy\" decoding=\"async\" class=\" wp-image-25 alignleft\" src=\"https:\/\/frauenhaft-foerderverein.com\/wp-content\/uploads\/2015\/12\/Habermann.jpg\" alt=\"Habermann\" width=\"136\" height=\"189\" \/>\u201eFreiheit ist die Macht, die wir \u00fcber uns selber haben\u201c, so hat es der Rechtsgelehrte und Staatsmann Hugo Grotius einmal so vieldeutig umschrieben. Und in der Tat: Freiheit muss nicht zwangsl\u00e4ufig hinter Gef\u00e4ngnismauern enden? Die Freiheit, kreativ t\u00e4tig zu sein, sich vielleicht sogar \u00fcber Kunst und Kreativit\u00e4t selbst zu finden, ist gerade im Gef\u00e4ngnisalltag von gro\u00dfer Bedeutung. Es geht um das Erleben der eigenen Gestaltungskraft, die Entfaltung der eigenen Wahrnehmung, um das Wiederentdecken verborgen geglaubter F\u00e4higkeiten aus der Kindheit. Und Kunst im Strafvollzug \u2013 so habe ich mir einmal erkl\u00e4ren lassen \u2013 verfolgt sowohl soziale als auch ganz individuelle, pers\u00f6nliche Ziele. Denn es geht dabei auch um menschliche Begegnungen, um Entwicklung von Verantwortung in der Gruppe, um gegenseitige Akzeptanz und Abbau von Konflikten.<\/p>\n<p>Von daher ist \u201eKunst im Strafvollzug\u201c auch ein St\u00fcck weit \u201eTherapie\u201c und im Sinne von ernst gemeinter Resozialisierung m.E. auch unverzichtbar. Mit zahlreichen Ausstellungen, im Rathaus, im Sisi Schloss oder zuletzt mit dem grandiosen Rathaus-Adventskalender 2012 haben die K\u00fcnstlerinnen unserer JVA Aichach eindrucksvoll aufhorchen lassen. Und die Resonanz der Bev\u00f6lkerung war \u00fcberw\u00e4ltigend. Dieses aufgegangene \u201ePfl\u00e4nzlein\u201c gilt es nun weiterhin zu hegen und zu pflegen. Der neu gegr\u00fcndete F\u00f6rderverein kann dazu ganz wichtige Impulse geben.<\/p>\n<p>Ich habe mich denn auch gerne dazu bereit erkl\u00e4rt, die Schirmherrschaft zu \u00fcbernehmen.<br \/>\nDenn die JVA Aichach ist seit mehr als 100 Jahren ein fester Bestandteil unserer Stadt und die positive kunsttherapeutische Arbeit hilft den Inhaftierten und entspannt den Vollzugsalltag.<\/p>\n<p>Klaus Habermann<br \/>\nErster B\u00fcrgermeister<br \/>\nStadt Aichach<\/p>\n","protected":false},"excerpt":{"rendered":"<p>Gru\u00dfwort des Ersten B\u00fcrgermeisters und Schirmherrn \u201eFreiheit ist die Macht, die wir \u00fcber uns selber haben\u201c, so hat es der Rechtsgelehrte und Staatsmann Hugo Grotius einmal so vieldeutig umschrieben. Und in der Tat: Freiheit muss nicht zwangsl\u00e4ufig hinter Gef\u00e4ngnismauern enden?&#8230; <a class=\"more-link\" href=\"https:\/\/frauenhaft-foerderverein.com\/?page_id=22\">Weiterlesen &rarr;<\/a><\/p>\n","protected":false},"author":1,"featured_media":0,"parent":0,"menu_order":0,"comment_status":"closed","ping_status":"closed","template":"template-fullwidth.php","meta":{"footnotes":""},"class_list":["post-22","page","type-page","status-publish","hentry"],"_links":{"self":[{"href":"https:\/\/frauenhaft-foerderverein.com\/index.php?rest_route=\/wp\/v2\/pages\/22","targetHints":{"allow":["GET"]}}],"collection":[{"href":"https:\/\/frauenhaft-foerderverein.com\/index.php?rest_route=\/wp\/v2\/pages"}],"about":[{"href":"https:\/\/frauenhaft-foerderverein.com\/index.php?rest_route=\/wp\/v2\/types\/page"}],"author":[{"embeddable":true,"href":"https:\/\/frauenhaft-foerderverein.com\/index.php?rest_route=\/wp\/v2\/users\/1"}],"replies":[{"embeddable":true,"href":"https:\/\/frauenhaft-foerderverein.com\/index.php?rest_route=%2Fwp%2Fv2%2Fcomments&post=22"}],"version-history":[{"count":8,"href":"https:\/\/frauenhaft-foerderverein.com\/index.php?rest_route=\/wp\/v2\/pages\/22\/revisions"}],"predecessor-version":[{"id":282,"href":"https:\/\/frauenhaft-foerderverein.com\/index.php?rest_route=\/wp\/v2\/pages\/22\/revisions\/282"}],"wp:attachment":[{"href":"https:\/\/frauenhaft-foerderverein.com\/index.php?rest_route=%2Fwp%2Fv2%2Fmedia&parent=22"}],"curies":[{"name":"wp","href":"https:\/\/api.w.org\/{rel}","templated":true}]}}