{"id":284,"date":"2018-06-06T11:56:27","date_gmt":"2018-06-06T11:56:27","guid":{"rendered":"http:\/\/frauenhaft-foerderverein.com\/?page_id=284"},"modified":"2018-08-03T12:12:55","modified_gmt":"2018-08-03T12:12:55","slug":"datenschutzerklaerung","status":"publish","type":"page","link":"https:\/\/frauenhaft-foerderverein.com\/?page_id=284","title":{"rendered":"Datenschutzerkl\u00e4rung"},"content":{"rendered":"<p>Wir freuen uns \u00fcber Ihr Interesse an unserem Verein. Der Schutz Ihrer Daten hat f\u00fcr uns einen hohen Stellenwert. Die Verarbeitung personenbezogener Daten, beispielsweise des Namens, der Anschrift, der E-Mail-Adresse oder der Telefonnummer einer betroffenen Person erfolgt im Einklang mit der Datenschutz-Grundverordnung und in \u00dcbereinstimmung mit den geltenden landesspezifischen Datenschutzbestimmungen.<\/p>\n<p>Falls Sie uns Ihre pers\u00f6nlichen Daten (z.B. \u00fcber ein Kontaktformular oder eine E-Mail) \u00fcbermitteln, werden diese ausschlie\u00dflich f\u00fcr die direkte Kommunikation mit Ihnen verwendet. Eine Weitergabe an Dritte erfolgt nicht. Ihre personenbezogenen Daten, die Sie uns im Rahmen der Kontaktaufnahme mitgeteilt haben, speichern wir nur solange, wie dies nach dem Gesetz zul\u00e4ssig ist. Bei der Kontaktaufnahme mit frauenHAFT e.V. per E-Mail werden die Angaben der Nutzerinnen und Nutzer zwecks Bearbeitung der Anfrage sowie f\u00fcr den Fall der Bearbeitung von Anschlussfragen gespeichert.<\/p>\n<p>Postadressen und\/oder E-Mailadressen nehmen wir auf Wunsch in unseren Adressverteiler auf. Wir versichern, dass Ihre pers\u00f6nlichen Daten in diesem Adressverteiler ausschlie\u00dflich daf\u00fcr verwendet werden, Sie \u00fcber unsere Projekte und Veranstaltungen zu informieren. Wer k\u00fcnftig keine Informationen mehr erhalten m\u00f6chte, wird um einen entsprechenden Hinweis per Post oder E-Mail gebeten. Ihre Daten werden dann umgehend gel\u00f6scht.<\/p>\n<p>Gerne teilen wir Ihnen auf Ihre Aufforderung hin mit, welche Daten wir zu Ihrer Person gespeichert haben. Sollten falsche Daten bei uns gespeichert sein, so berichtigen wir diese unverz\u00fcglich. Sollte eine L\u00f6schung der Daten auf Ihre Aufforderung hin aus rechtlichen Gr\u00fcnden nicht m\u00f6glich sein, tritt an ihre Stelle eine Sperrung der jeweiligen Daten. Bitte wenden Sie sich in diesen F\u00e4llen an frauenHAFT e.V., M\u00fcnchener Str. 33, 86551 Aichach. E-Mail: frauenhaft-foerderverein@jva-aic.bayern.de<\/p>\n<p><strong>Erfassung von allgemeinen Daten und Informationen:<\/strong><\/p>\n<p>Die Internetseite von frauenHAFT e.V. erfasst mit jedem Aufruf der Internetseite durch eine betroffene Person oder ein automatisiertes System eine Reihe von allgemeinen Daten und Informationen. Diese allgemeinen Daten und Informationen werden in den Logfiles des Servers gespeichert und durch den Anbieter, bzw. den Webspace-Provider erhoben und ausgewertet. Erfasst werden k\u00f6nnen beispielsweise die verwendeten Browsertypen und Versionen, das vom zugreifenden System verwendete Betriebssystem, die Internetseite, von welcher ein zugreifendes System auf unsere Internetseite gelangt (sogenannte Referrer), die Unterwebseiten, welche \u00fcber ein zugreifendes System auf unserer Internetseite angesteuert werden, das Datum und die Uhrzeit eines Zugriffs auf die Internetseite, eine Internet-Protokoll-Adresse (IP-Adresse), der Internet-Service-Provider des zugreifenden Systems und sonstige \u00e4hnliche Daten und Informationen.<\/p>\n<p>Der Anbieter verwendet die Protokolldaten nur f\u00fcr statistische Auswertungen zum Zweck des Betriebs, der Sicherheit und der Optimierung des Angebotes. Aus diesen Daten und Informationen zieht frauenHAFT e.V. keine R\u00fcckschl\u00fcsse auf die betroffene Person. Die Daten der Server-Logfiles werden getrennt von allen durch eine betroffene Person angegebenen personenbezogenen Daten gespeichert. Diese Informationen werden ben\u00f6tigt, um die Inhalte unserer Internetseite korrekt auszuliefern, die Inhalte unserer Internetseite sowie die Werbung f\u00fcr diese zu optimieren, die dauerhafte Funktionsf\u00e4higkeit unserer informationstechnologischen Systeme und der Technik unserer Internetseite zu gew\u00e4hrleisten sowie um Strafverfolgungsbeh\u00f6rden im Falle eines Cyberangriffes die zur Strafverfolgung notwendigen Informationen bereitzustellen.<\/p>\n<p>Der Anbieter beh\u00e4lt sich vor, die Protokolldaten nachtr\u00e4glich zu \u00fcberpr\u00fcfen, wenn aufgrund konkreter Anhaltspunkte der berechtigte Verdacht einer rechtswidrigen Nutzung besteht. Grundlage f\u00fcr die Datenverarbeitung ist Art. 6 Abs. 1 b DSGVO, der die Verarbeitung von Daten zur Erf\u00fcllung eines Vertrags oder vorvertraglicher Ma\u00dfnahmen gestattet. Dieser Verwendung k\u00f6nnen Sie gem\u00e4\u00df \u00a7 6 Abs. 3 TDDSG widersprechen. Bitte nennen Sie uns zu diesem Zweck die betreffende IP-Adresse sowie den exakten Zeitraum Ihres Zugriffs auf diese Website. Wir reichen diese Angaben an den Anbieter weiter. Die entsprechenden Eintr\u00e4ge werden dann umgehend aus den Protokolldateien gel\u00f6scht.<\/p>\n","protected":false},"excerpt":{"rendered":"<p>Wir freuen uns \u00fcber Ihr Interesse an unserem Verein. Der Schutz Ihrer Daten hat f\u00fcr uns einen hohen Stellenwert. Die Verarbeitung personenbezogener Daten, beispielsweise des Namens, der Anschrift, der E-Mail-Adresse oder der Telefonnummer einer betroffenen Person erfolgt im Einklang mit&#8230; <a class=\"more-link\" href=\"https:\/\/frauenhaft-foerderverein.com\/?page_id=284\">Weiterlesen &rarr;<\/a><\/p>\n","protected":false},"author":1,"featured_media":0,"parent":0,"menu_order":0,"comment_status":"closed","ping_status":"closed","template":"template-fullwidth.php","meta":{"footnotes":""},"class_list":["post-284","page","type-page","status-publish","hentry"],"_links":{"self":[{"href":"https:\/\/frauenhaft-foerderverein.com\/index.php?rest_route=\/wp\/v2\/pages\/284","targetHints":{"allow":["GET"]}}],"collection":[{"href":"https:\/\/frauenhaft-foerderverein.com\/index.php?rest_route=\/wp\/v2\/pages"}],"about":[{"href":"https:\/\/frauenhaft-foerderverein.com\/index.php?rest_route=\/wp\/v2\/types\/page"}],"author":[{"embeddable":true,"href":"https:\/\/frauenhaft-foerderverein.com\/index.php?rest_route=\/wp\/v2\/users\/1"}],"replies":[{"embeddable":true,"href":"https:\/\/frauenhaft-foerderverein.com\/index.php?rest_route=%2Fwp%2Fv2%2Fcomments&post=284"}],"version-history":[{"count":4,"href":"https:\/\/frauenhaft-foerderverein.com\/index.php?rest_route=\/wp\/v2\/pages\/284\/revisions"}],"predecessor-version":[{"id":315,"href":"https:\/\/frauenhaft-foerderverein.com\/index.php?rest_route=\/wp\/v2\/pages\/284\/revisions\/315"}],"wp:attachment":[{"href":"https:\/\/frauenhaft-foerderverein.com\/index.php?rest_route=%2Fwp%2Fv2%2Fmedia&parent=284"}],"curies":[{"name":"wp","href":"https:\/\/api.w.org\/{rel}","templated":true}]}}