{"id":494,"date":"2020-01-22T13:13:15","date_gmt":"2020-01-22T13:13:15","guid":{"rendered":"https:\/\/frauenhaft-foerderverein.com\/?page_id=494"},"modified":"2024-08-05T13:50:29","modified_gmt":"2024-08-05T13:50:29","slug":"wir-ueber-uns","status":"publish","type":"page","link":"https:\/\/frauenhaft-foerderverein.com\/?page_id=494","title":{"rendered":"Wir \u00fcber uns"},"content":{"rendered":"\r\n<p>Der Verein <em>frauen<\/em>HAFT e.V. unterst\u00fctzt den Resozialisierungsauftrag an inhaftierten M\u00e4dchen und Frauen der JVA Aichach mit einem breiten kunstp\u00e4dagogischen und pers\u00f6nlichkeitsf\u00f6rdernden Angebot, wie z.B.\u00a0<\/p>\r\n\r\n\r\n\r\n<ul class=\"wp-block-list\">\r\n<li>Kunstgruppen<\/li>\r\n<li>Kreatives Schreiben<\/li>\r\n<li>Musikworkshops<\/li>\r\n<li>Gesangs- und Tanzgruppen<\/li>\r\n<li>Yoga und Sport<\/li>\r\n<\/ul>\r\n\r\n\r\n\r\n<p>Wir erm\u00f6glichen den Inhaftierten in dieser besonderen Lebenssituation sinnvolle Freizeitaktivit\u00e4ten zu erlernen, k\u00fcnstlerische Potenziale zu entdecken und dadurch ihre Pers\u00f6nlichkeit weiter zu entwickeln.<\/p>\r\n\r\n\r\n\r\n<p>Je stabiler diese ihr Leben nach der Inhaftierung meistern k\u00f6nnen, desto mehr profitieren auch ihre Familien und die Gesellschaft, denn ein Leben hinter Gittern l\u00e4sst immer ein anderes zur\u00fcck.<\/p>\r\n\r\n\r\n\r\n<p>Der Verein <em>frauen<\/em>HAFT e.V. wurde im Januar 2013 von MitarbeiterInnen der Justizvollzugsanstalt Aichach gegr\u00fcndet. Mitglieder sind heute hauptamtlich t\u00e4tige Bedienstete unterschiedlicher Berufsgruppen im Frauenstrafvollzug und interessierte B\u00fcrgerIinnen aus der Region.<br \/>Den Vorstandsvorsitz haben seit der Vereinsgr\u00fcndung als erste und zweite<br \/>Vorsitzende Frau Kerstin Weger und Frau Margrit Wucher-Blaszczak inne, beide hauptberuflich Lehrerinnen in der JVA Aichach.<\/p>\r\n\r\n\r\n\r\n<p>Der Strafvollzug in Deutschland will die Voraussetzung daf\u00fcr schaffen, dass sich Menschen nach der Haftverb\u00fc\u00dfung wieder in die Gesellschaft integrieren k\u00f6nnen. Dieses Ziel des Strafvollzugs setzt voraus, M\u00f6glichkeiten und Qualifizierungen zu er\u00f6ffnen. Dazu wollen wir mit unserer ehrenamtlichen Vereinsarbeit beitragen. Wir er\u00f6ffnen den Frauen in Haft Freizeitaktivit\u00e4ten, um sich in der konstruktiven Auseinandersetzung mit der Freiheitsstrafe auf ein Leben nach der Haft vorzubereiten. \u00a0<\/p>\r\n\r\n\r\n\r\n<p>Wir organisieren, finanzieren und begleiten ein regelm\u00e4\u00dfiges und breites Angebot, insbesondere:\u00a0<\/p>\r\n\r\n\r\n\r\n<ul class=\"wp-block-list\">\r\n<li>Kunstgruppen (Portraitmalen, Aquarell, Kalligrafie, Skulpturen, etc.)<\/li>\r\n<li>Kreatives Schreiben<\/li>\r\n<li>Musikworkshops (Popmusik, afrikanisches Trommeln)<\/li>\r\n<li>Gesangs- und Tanzgruppen (Volksmusik, Salsa, HipHop)<\/li>\r\n<li>Bewegungstherapien (Yoga, Tanztherapie)<\/li>\r\n<\/ul>\r\n\r\n\r\n\r\n<p>Geleitet werden die Kurse von qualifizierten externen ReferentInnen, vor allem K\u00fcnstlerInnen und KunsttherapeutInnen. Die Angebote finden bei den inhaftierten M\u00e4dchen und Frauen gro\u00dfen Anklang und werden als Unterst\u00fctzung und Bereicherung des Haftalltags erlebt.\u00a0<\/p>\r\n\r\n\r\n\r\n<p>Mit unserer Arbeit er\u00f6ffnen wir den Frauen in einem gesch\u00fctzten Rahmen die M\u00f6glichkeit, durch Kunst, Literatur und Musik einen Zugang zu sich selbst und den eigenen, oft verborgenen Potenzialen zu finden und erf\u00fcllende Freizeitaktivit\u00e4ten zu erlernen. Sie gehen \u00fcber die k\u00fcnstlerische Kreativit\u00e4t neue Wege, mit Leere und Langeweile umzugehen, mehr Selbstbewusstsein zu entwickeln und Bew\u00e4ltigungsstrategien zu generieren.\u00a0<\/p>\r\n\r\n\r\n\r\n<p>Wir unterst\u00fctzen den gesetzlichen Resozialisierungsauftrag, indem wir die Angebote des modernen, an dem Ziel der Resozialisierung ausgerichteten Strafvollzugs erg\u00e4nzen.<\/p>\r\n\r\n\r\n\r\n<p>Wir f\u00f6rdern folgende Ziele f\u00fcr die inhaftierten M\u00e4dchen und Frauen:<\/p>\r\n\r\n\r\n\r\n<ul class=\"wp-block-list\">\r\n<li>Erleben der eigenen Gestaltungskraft und Schaffen neuer Strukturen<\/li>\r\n<li>Entwicklung von Selbstbewusstsein und Aufbau von Bew\u00e4ltigungsstrategien<\/li>\r\n<li>Konstruktive Auseinandersetzung mit der Situation der Inhaftierung<\/li>\r\n<li>Psychische Stabilisierung und Stressabbau\u00a0<\/li>\r\n<li>Gestaltung des Haftalltags und Unterst\u00fctzung in Krisen<\/li>\r\n<li>Bildung neuer Sozialkontakte und Erleben einer positiven Gruppenzugeh\u00f6rigkeit<\/li>\r\n<li>Erweiterung von sozialen Kompetenzen<\/li>\r\n<li>Erlernen einer sinnvollen Freizeitbesch\u00e4ftigung und Etablierung einer prosozialen und delinquenzfreien Lebensweise<\/li>\r\n<li>Beitrag zur Verringerung der R\u00fcckfallwahrscheinlichkeit nach der Entlassung.<\/li>\r\n<\/ul>\r\n\r\n\r\n\r\n<p>Frauen stellen eine Minderheit im m\u00e4nnlich dominierten Strafvollzug dar, nur sechs Prozent sind Frauen. Die Ausgestaltung des Strafvollzugs orientiert sich deshalb ma\u00dfgeblich an den Erfordernissen des M\u00e4nnervollzugs. Unser Angebot stellt insoweit einen Beitrag zur Frauenf\u00f6rderung dar.\u00a0<\/p>\r\n\r\n\r\n\r\n<p>Neben den Kursangeboten organisieren wir Ausstellungen und Projekte, in denen wir die k\u00fcnstlerischen Werke in der \u00d6ffentlichkeit pr\u00e4sentieren. So erhalten die teilnehmenden Frauen wie auch die Gesellschaft au\u00dferhalb der Gef\u00e4ngnismauern die Gelegenheit, in einen k\u00fcnstlerischen Kontakt zu treten.\u00a0<\/p>\r\n\r\n\r\n\r\n\r\n\r\n<p>Um das regelm\u00e4\u00dfige Kursangebot aufrecht erhalten zu k\u00f6nnen, besteht ein Finanzierungsbedarf von ca. 15.000 Euro pro Jahr f\u00fcr Honorare der externen ReferentInnen und f\u00fcr die Ausgaben an Kunstmaterialien. Daf\u00fcr sind wir auf die finanzielle Unterst\u00fctzung durch Spenden, Zuwendungen und Sponsoren angewiesen.\u00a0<\/p>\r\n\r\n\r\n\r\n<p>Bitte helfen Sie uns mit Ihrer Spende, damit wir unsere Vereinsarbeit stabil und dauerhaft fortsetzen k\u00f6nnen. Wir freuen uns \u00fcber jede monet\u00e4re oder auch logistische Unterst\u00fctzung.\u00a0<\/p>\r\n\r\n\r\n\r\n<p>Oder werden Sie Mitglied bei <em>frauen<\/em>HAFT e.V. Der Mitgliedsbeitrag betr\u00e4gt 20 Euro j\u00e4hrlich. Sie erhalten regelm\u00e4\u00dfig Informationen \u00fcber unsere Projekte. \u00a0<\/p>\r\n","protected":false},"excerpt":{"rendered":"<p>Der Verein frauenHAFT e.V. unterst\u00fctzt den Resozialisierungsauftrag an inhaftierten M\u00e4dchen und Frauen der JVA Aichach mit einem breiten kunstp\u00e4dagogischen und pers\u00f6nlichkeitsf\u00f6rdernden Angebot, wie z.B.\u00a0 Kunstgruppen Kreatives Schreiben Musikworkshops Gesangs- und Tanzgruppen Yoga und Sport Wir erm\u00f6glichen den Inhaftierten in dieser&#8230; <a class=\"more-link\" href=\"https:\/\/frauenhaft-foerderverein.com\/?page_id=494\">Weiterlesen &rarr;<\/a><\/p>\n","protected":false},"author":1,"featured_media":0,"parent":0,"menu_order":0,"comment_status":"closed","ping_status":"closed","template":"","meta":{"footnotes":""},"class_list":["post-494","page","type-page","status-publish","hentry"],"_links":{"self":[{"href":"https:\/\/frauenhaft-foerderverein.com\/index.php?rest_route=\/wp\/v2\/pages\/494","targetHints":{"allow":["GET"]}}],"collection":[{"href":"https:\/\/frauenhaft-foerderverein.com\/index.php?rest_route=\/wp\/v2\/pages"}],"about":[{"href":"https:\/\/frauenhaft-foerderverein.com\/index.php?rest_route=\/wp\/v2\/types\/page"}],"author":[{"embeddable":true,"href":"https:\/\/frauenhaft-foerderverein.com\/index.php?rest_route=\/wp\/v2\/users\/1"}],"replies":[{"embeddable":true,"href":"https:\/\/frauenhaft-foerderverein.com\/index.php?rest_route=%2Fwp%2Fv2%2Fcomments&post=494"}],"version-history":[{"count":5,"href":"https:\/\/frauenhaft-foerderverein.com\/index.php?rest_route=\/wp\/v2\/pages\/494\/revisions"}],"predecessor-version":[{"id":679,"href":"https:\/\/frauenhaft-foerderverein.com\/index.php?rest_route=\/wp\/v2\/pages\/494\/revisions\/679"}],"wp:attachment":[{"href":"https:\/\/frauenhaft-foerderverein.com\/index.php?rest_route=%2Fwp%2Fv2%2Fmedia&parent=494"}],"curies":[{"name":"wp","href":"https:\/\/api.w.org\/{rel}","templated":true}]}}