{"id":524,"date":"2020-02-14T09:12:17","date_gmt":"2020-02-14T09:12:17","guid":{"rendered":"https:\/\/frauenhaft-foerderverein.com\/?page_id=524"},"modified":"2020-02-14T09:15:49","modified_gmt":"2020-02-14T09:15:49","slug":"spenden","status":"publish","type":"page","link":"https:\/\/frauenhaft-foerderverein.com\/?page_id=524","title":{"rendered":"Spenden"},"content":{"rendered":"\n<p><strong>Bitte helfen Sie uns mit Ihrer Spende, damit wir unsere Arbeit zuverl\u00e4ssig fortsetzen k\u00f6nnen!<\/strong><\/p>\n\n\n\n<p>Der Verein ist als gemeinn\u00fctzig anerkannt. Spenden sind steuerlich absetzbar. Unterst\u00fctzer erhalten eine Spendenbescheinigung.<\/p>\n\n\n\n<p>Bitte vergessen Sie nicht, uns Ihre Adresse mitzuteilen, damit wir Ihnen die Zuwendungsbescheinigung auch zusenden k\u00f6nnen!<\/p>\n\n\n\n<p>Sparkasse Aichach-Schrobenhausen<br><em>frauen<\/em>HAFT e.V.<br>IBAN: DE52 7205 1210 0006 1240 02<\/p>\n\n\n\n<p>Falls Sie uns regelm\u00e4\u00dfig unterst\u00fctzen oder auch Mitglied werden m\u00f6chten, bieten wir Ihnen an, die Beitr\u00e4ge regelm\u00e4\u00dfig per Lastschriftverfahren einzuziehen. Hierzu ben\u00f6tigen wir Ihre Einzugserm\u00e4chtigung bzw. Beitrittserkl\u00e4rung, die Sie \u00fcber unseren <a href=\"https:\/\/frauenhaft-foerderverein.com\/wp-content\/uploads\/2020\/02\/Spenden_Mitglied-werden.pdf\">Download<\/a> erhalten.<\/p>\n\n\n\n<p>Wir freuen uns \u00fcber jede Unterst\u00fctzung!<\/p>\n","protected":false},"excerpt":{"rendered":"<p>Bitte helfen Sie uns mit Ihrer Spende, damit wir unsere Arbeit zuverl\u00e4ssig fortsetzen k\u00f6nnen! Der Verein ist als gemeinn\u00fctzig anerkannt. Spenden sind steuerlich absetzbar. Unterst\u00fctzer erhalten eine Spendenbescheinigung. Bitte vergessen Sie nicht, uns Ihre Adresse mitzuteilen, damit wir Ihnen die&#8230; <a class=\"more-link\" href=\"https:\/\/frauenhaft-foerderverein.com\/?page_id=524\">Weiterlesen &rarr;<\/a><\/p>\n","protected":false},"author":1,"featured_media":0,"parent":0,"menu_order":0,"comment_status":"closed","ping_status":"closed","template":"","meta":{"footnotes":""},"class_list":["post-524","page","type-page","status-publish","hentry"],"_links":{"self":[{"href":"https:\/\/frauenhaft-foerderverein.com\/index.php?rest_route=\/wp\/v2\/pages\/524","targetHints":{"allow":["GET"]}}],"collection":[{"href":"https:\/\/frauenhaft-foerderverein.com\/index.php?rest_route=\/wp\/v2\/pages"}],"about":[{"href":"https:\/\/frauenhaft-foerderverein.com\/index.php?rest_route=\/wp\/v2\/types\/page"}],"author":[{"embeddable":true,"href":"https:\/\/frauenhaft-foerderverein.com\/index.php?rest_route=\/wp\/v2\/users\/1"}],"replies":[{"embeddable":true,"href":"https:\/\/frauenhaft-foerderverein.com\/index.php?rest_route=%2Fwp%2Fv2%2Fcomments&post=524"}],"version-history":[{"count":3,"href":"https:\/\/frauenhaft-foerderverein.com\/index.php?rest_route=\/wp\/v2\/pages\/524\/revisions"}],"predecessor-version":[{"id":528,"href":"https:\/\/frauenhaft-foerderverein.com\/index.php?rest_route=\/wp\/v2\/pages\/524\/revisions\/528"}],"wp:attachment":[{"href":"https:\/\/frauenhaft-foerderverein.com\/index.php?rest_route=%2Fwp%2Fv2%2Fmedia&parent=524"}],"curies":[{"name":"wp","href":"https:\/\/api.w.org\/{rel}","templated":true}]}}